{"id":298,"date":"2023-06-27T18:40:29","date_gmt":"2023-06-27T16:40:29","guid":{"rendered":"https:\/\/albooms.fr\/?page_id=298"},"modified":"2024-06-18T15:15:33","modified_gmt":"2024-06-18T13:15:33","slug":"archives-des-billets","status":"publish","type":"page","link":"https:\/\/albooms.fr\/?page_id=298","title":{"rendered":"Archives du carnet"},"content":{"rendered":"\n<div style=\"height:25px\" aria-hidden=\"true\" class=\"wp-block-spacer\"><\/div>\n\n\n\n<h1 class=\"wp-block-heading has-text-align-center\">Carnet<\/h1>\n\n\n\n<div style=\"height:25px\" aria-hidden=\"true\" class=\"wp-block-spacer\"><\/div>\n\n\n\n<div class=\"wp-block-query is-layout-flow wp-block-query-is-layout-flow\"><ul class=\"wp-block-post-template is-layout-flow wp-block-post-template-is-layout-flow\"><li class=\"wp-block-post post-1347 post type-post status-publish format-standard has-post-thumbnail hentry category-blog tag-programmation tag-robot tag-tortue-de-sol\">\n\n<div class=\"wp-block-columns are-vertically-aligned-center is-layout-flex wp-container-core-columns-is-layout-1 wp-block-columns-is-layout-flex\">\n<div class=\"wp-block-column is-vertically-aligned-center is-layout-flow wp-block-column-is-layout-flow\" style=\"flex-basis:25%\"><figure class=\"wp-block-post-featured-image\"><a href=\"https:\/\/albooms.fr\/?p=1347\" target=\"_self\"  ><img loading=\"lazy\" decoding=\"async\" width=\"978\" height=\"710\" src=\"https:\/\/albooms.fr\/wp-content\/uploads\/2025\/03\/perfo.jpg\" class=\"attachment-post-thumbnail size-post-thumbnail wp-post-image\" alt=\"C&rsquo;est dans les vieux codes que l&rsquo;on fait les meilleurs softs.\" style=\"object-fit:cover;\" srcset=\"https:\/\/albooms.fr\/wp-content\/uploads\/2025\/03\/perfo.jpg 978w, https:\/\/albooms.fr\/wp-content\/uploads\/2025\/03\/perfo-300x218.jpg 300w, https:\/\/albooms.fr\/wp-content\/uploads\/2025\/03\/perfo-768x558.jpg 768w\" sizes=\"auto, (max-width: 978px) 100vw, 978px\" \/><\/a><\/figure><\/div>\n\n\n\n<div class=\"wp-block-column is-vertically-aligned-center is-layout-flow wp-block-column-is-layout-flow\" style=\"flex-basis:75%\"><h2 class=\"wp-block-post-title\">C&rsquo;est dans les vieux codes que l&rsquo;on fait les meilleurs softs.<\/h2>\n\n<div class=\"wp-block-post-excerpt\"><p class=\"wp-block-post-excerpt__excerpt\">Que le lecteur m&rsquo;excuse pour ce titre, une nouvelle fois, facile, mais je suis bien conscient que ce n&rsquo;est encore pas cette fois que je risque de gagner un prix de calembour. Plus s\u00e9rieusement, ce billet pr\u00e9sente une hypoth\u00e8se aussi saugrenue qu&rsquo;anachronique: \u00ab\u00a0si on revenait au binaire pour apprendre \u00e0 coder\u00a0\u00bb. Pire, j&rsquo;affirme ici qu&rsquo;il\u2026<\/p><p class=\"wp-block-post-excerpt__more-text\"><a class=\"wp-block-post-excerpt__more-link\" href=\"https:\/\/albooms.fr\/?p=1347\">Lire la suite<\/a><\/p><\/div><\/div>\n<\/div>\n\n<\/li><li class=\"wp-block-post post-1302 post type-post status-publish format-standard hentry category-blog\">\n\n<div class=\"wp-block-columns are-vertically-aligned-center is-layout-flex wp-container-core-columns-is-layout-2 wp-block-columns-is-layout-flex\">\n<div class=\"wp-block-column is-vertically-aligned-center is-layout-flow wp-block-column-is-layout-flow\" style=\"flex-basis:25%\"><\/div>\n\n\n\n<div class=\"wp-block-column is-vertically-aligned-center is-layout-flow wp-block-column-is-layout-flow\" style=\"flex-basis:75%\"><h2 class=\"wp-block-post-title\">Radia PERLMAN, une figure maternelle<\/h2>\n\n<div class=\"wp-block-post-excerpt\"><p class=\"wp-block-post-excerpt__excerpt\">Je suis d\u00e9cid\u00e9ment de moins en moins fier des jeux de mots un peu faciles de mes titres. Le lecteur s&rsquo;en affligera peut-\u00eatre, une fois qu&rsquo;il aura parcouru quelques lignes de ce billet. Je ne reviendrai pas, cette fois encore, outre mesure sur le d\u00e9bat autour de #l\u00e9z\u00e9crans, car je pr\u00e9f\u00e8re le laisser aux f\u00e2cheux\u2026<\/p><p class=\"wp-block-post-excerpt__more-text\"><a class=\"wp-block-post-excerpt__more-link\" href=\"https:\/\/albooms.fr\/?p=1302\">Lire la suite<\/a><\/p><\/div><\/div>\n<\/div>\n\n<\/li><li class=\"wp-block-post post-1270 post type-post status-publish format-standard hentry category-blog\">\n\n<div class=\"wp-block-columns are-vertically-aligned-center is-layout-flex wp-container-core-columns-is-layout-3 wp-block-columns-is-layout-flex\">\n<div class=\"wp-block-column is-vertically-aligned-center is-layout-flow wp-block-column-is-layout-flow\" style=\"flex-basis:25%\"><\/div>\n\n\n\n<div class=\"wp-block-column is-vertically-aligned-center is-layout-flow wp-block-column-is-layout-flow\" style=\"flex-basis:75%\"><h2 class=\"wp-block-post-title\">James PILLANS ou l&rsquo;EdTech Steampunk<\/h2>\n\n<div class=\"wp-block-post-excerpt\"><p class=\"wp-block-post-excerpt__excerpt\">Chaque formateur \u00ab\u00a0au num\u00e9rique\u00a0\u00bb devrait avoir consult\u00e9, au moins une fois, le livre de James PILLANS. Ce livre The rationale of discipline as exemplified in the High school of Edinburgh \u00e9crit en 1823 et paru en 1852 (disponible ici) montre, tout d&rsquo;abord, une des tr\u00e8s rares techniques \u00e9ducatives qui ont chang\u00e9 la fa\u00e7on de faire\u2026<\/p><p class=\"wp-block-post-excerpt__more-text\"><a class=\"wp-block-post-excerpt__more-link\" href=\"https:\/\/albooms.fr\/?p=1270\">Lire la suite<\/a><\/p><\/div><\/div>\n<\/div>\n\n<\/li><\/ul>\n\n<nav class=\"aligncenter wp-block-query-pagination is-layout-flex wp-block-query-pagination-is-layout-flex\" aria-label=\"Pagination\">\n\n\n<div class=\"wp-block-query-pagination-numbers\"><span aria-current=\"page\" class=\"page-numbers current\">1<\/span>\n<a class=\"page-numbers\" href=\"?query-13-page=2&#038;rest_route=%2Fwp%2Fv2%2Fpages%2F298\">2<\/a>\n<a class=\"page-numbers\" href=\"?query-13-page=3&#038;rest_route=%2Fwp%2Fv2%2Fpages%2F298\">3<\/a>\n<span class=\"page-numbers dots\">\u2026<\/span>\n<a class=\"page-numbers\" href=\"?query-13-page=5&#038;rest_route=%2Fwp%2Fv2%2Fpages%2F298\">5<\/a><\/div>\n\n<a href=\"\/index.php?rest_route=%2Fwp%2Fv2%2Fpages%2F298&#038;query-13-page=2\" class=\"wp-block-query-pagination-next\">Page suivante<\/a>\n<\/nav><\/div>\n","protected":false},"excerpt":{"rendered":"<p>Carnet<\/p>\n","protected":false},"author":1,"featured_media":125,"parent":0,"menu_order":0,"comment_status":"closed","ping_status":"closed","template":"archives-blog-perso","meta":{"iawp_total_views":194,"footnotes":""},"folder":[],"class_list":["post-298","page","type-page","status-publish","has-post-thumbnail","hentry"],"_links":{"self":[{"href":"https:\/\/albooms.fr\/index.php?rest_route=\/wp\/v2\/pages\/298","targetHints":{"allow":["GET"]}}],"collection":[{"href":"https:\/\/albooms.fr\/index.php?rest_route=\/wp\/v2\/pages"}],"about":[{"href":"https:\/\/albooms.fr\/index.php?rest_route=\/wp\/v2\/types\/page"}],"author":[{"embeddable":true,"href":"https:\/\/albooms.fr\/index.php?rest_route=\/wp\/v2\/users\/1"}],"replies":[{"embeddable":true,"href":"https:\/\/albooms.fr\/index.php?rest_route=%2Fwp%2Fv2%2Fcomments&post=298"}],"version-history":[{"count":19,"href":"https:\/\/albooms.fr\/index.php?rest_route=\/wp\/v2\/pages\/298\/revisions"}],"predecessor-version":[{"id":1254,"href":"https:\/\/albooms.fr\/index.php?rest_route=\/wp\/v2\/pages\/298\/revisions\/1254"}],"wp:featuredmedia":[{"embeddable":true,"href":"https:\/\/albooms.fr\/index.php?rest_route=\/wp\/v2\/media\/125"}],"wp:attachment":[{"href":"https:\/\/albooms.fr\/index.php?rest_route=%2Fwp%2Fv2%2Fmedia&parent=298"}],"wp:term":[{"taxonomy":"folder","embeddable":true,"href":"https:\/\/albooms.fr\/index.php?rest_route=%2Fwp%2Fv2%2Ffolder&post=298"}],"curies":[{"name":"wp","href":"https:\/\/api.w.org\/{rel}","templated":true}]}}