{"id":1210,"date":"2024-05-29T06:38:18","date_gmt":"2024-05-29T04:38:18","guid":{"rendered":"https:\/\/albooms.fr\/?page_id=1210"},"modified":"2024-06-02T08:40:45","modified_gmt":"2024-06-02T06:40:45","slug":"arduino","status":"publish","type":"page","link":"https:\/\/albooms.fr\/?page_id=1210","title":{"rendered":"Arduino"},"content":{"rendered":"\n<div class=\"wp-block-query is-layout-flow wp-block-query-is-layout-flow\"><ul class=\"wp-block-post-template is-layout-flow wp-block-post-template-is-layout-flow\"><li class=\"wp-block-post post-1171 post type-post status-publish format-standard hentry category-arduino category-3dprint\">\n\n<div class=\"wp-block-columns are-vertically-aligned-center is-layout-flex wp-container-core-columns-is-layout-1 wp-block-columns-is-layout-flex\">\n<div class=\"wp-block-column is-vertically-aligned-center is-layout-flow wp-block-column-is-layout-flow\" style=\"flex-basis:25%\"><\/div>\n\n\n\n<div class=\"wp-block-column is-vertically-aligned-center is-layout-flow wp-block-column-is-layout-flow\" style=\"flex-basis:75%\"><h2 class=\"wp-block-post-title\">Construire une tortue de sol (2\/2)<\/h2>\n\n<div class=\"wp-block-post-excerpt\"><p class=\"wp-block-post-excerpt__excerpt\">&#8211; Monter les composants &#8211; Dans ce second billet, je vais vous expliquer comment monter la tortue de sol \u00e0 partir des pi\u00e8ces imprim\u00e9es en 3D (voir le billet pr\u00e9c\u00e9dent). Avant tout, il faut, en plus des pi\u00e8ces imprim\u00e9es, poss\u00e9der les composants suivants: COMPOSANTS ARDUINO ET GROVE SEEED C\u00c2BLAGE SANS SOUDURE Arduino Uno A000066 10\u2026<\/p><p class=\"wp-block-post-excerpt__more-text\"><a class=\"wp-block-post-excerpt__more-link\" href=\"https:\/\/albooms.fr\/?p=1171\">Lire la suite<\/a><\/p><\/div><\/div>\n<\/div>\n\n<\/li><li class=\"wp-block-post post-524 post type-post status-publish format-standard hentry category-arduino\">\n\n<div class=\"wp-block-columns are-vertically-aligned-center is-layout-flex wp-container-core-columns-is-layout-2 wp-block-columns-is-layout-flex\">\n<div class=\"wp-block-column is-vertically-aligned-center is-layout-flow wp-block-column-is-layout-flow\" style=\"flex-basis:25%\"><\/div>\n\n\n\n<div class=\"wp-block-column is-vertically-aligned-center is-layout-flow wp-block-column-is-layout-flow\" style=\"flex-basis:75%\"><h2 class=\"wp-block-post-title\">Arduino et Grove SEEED<\/h2>\n\n<div class=\"wp-block-post-excerpt\"><p class=\"wp-block-post-excerpt__excerpt\">ARTICLE EN COURS DE REDACTION Quelques hypoth\u00e8ses sur la place de l&rsquo;objet technique dans l&rsquo;enseignement Face \u00e0 l&rsquo;injonction \u00e0 \u00ab\u00a0faire du num\u00e9rique en classe\u00a0\u00bb, les r\u00e9ponses apport\u00e9es sont en g\u00e9n\u00e9ral assez pauvres. Comme, historiquement, les premiers ordinateurs \u00e9taient surtout destin\u00e9s \u00e0 faire des calculs \u00ab\u00a0directs\u00a0\u00bb, c&rsquo;est-\u00e0-dire obtenir rapidement des r\u00e9sultats \u00e0 des calculs complexes, l&rsquo;apprentissage\u2026<\/p><p class=\"wp-block-post-excerpt__more-text\"><a class=\"wp-block-post-excerpt__more-link\" href=\"https:\/\/albooms.fr\/?p=524\">Lire la suite<\/a><\/p><\/div><\/div>\n<\/div>\n\n<\/li><\/ul><\/div>\n","protected":false},"excerpt":{"rendered":"","protected":false},"author":1,"featured_media":0,"parent":0,"menu_order":0,"comment_status":"closed","ping_status":"closed","template":"","meta":{"iawp_total_views":16,"footnotes":""},"folder":[],"class_list":["post-1210","page","type-page","status-publish","hentry"],"_links":{"self":[{"href":"https:\/\/albooms.fr\/index.php?rest_route=\/wp\/v2\/pages\/1210","targetHints":{"allow":["GET"]}}],"collection":[{"href":"https:\/\/albooms.fr\/index.php?rest_route=\/wp\/v2\/pages"}],"about":[{"href":"https:\/\/albooms.fr\/index.php?rest_route=\/wp\/v2\/types\/page"}],"author":[{"embeddable":true,"href":"https:\/\/albooms.fr\/index.php?rest_route=\/wp\/v2\/users\/1"}],"replies":[{"embeddable":true,"href":"https:\/\/albooms.fr\/index.php?rest_route=%2Fwp%2Fv2%2Fcomments&post=1210"}],"version-history":[{"count":4,"href":"https:\/\/albooms.fr\/index.php?rest_route=\/wp\/v2\/pages\/1210\/revisions"}],"predecessor-version":[{"id":1222,"href":"https:\/\/albooms.fr\/index.php?rest_route=\/wp\/v2\/pages\/1210\/revisions\/1222"}],"wp:attachment":[{"href":"https:\/\/albooms.fr\/index.php?rest_route=%2Fwp%2Fv2%2Fmedia&parent=1210"}],"wp:term":[{"taxonomy":"folder","embeddable":true,"href":"https:\/\/albooms.fr\/index.php?rest_route=%2Fwp%2Fv2%2Ffolder&post=1210"}],"curies":[{"name":"wp","href":"https:\/\/api.w.org\/{rel}","templated":true}]}}